{"id":896,"date":"2023-12-19T15:08:07","date_gmt":"2023-12-19T14:08:07","guid":{"rendered":"https:\/\/orienta-tik.eus\/preparate\/prevencion\/"},"modified":"2023-12-29T12:48:59","modified_gmt":"2023-12-29T11:48:59","slug":"prevencion","status":"publish","type":"page","link":"https:\/\/orienta-tik.eus\/fr\/preparate\/prevencion\/","title":{"rendered":"Pr\u00e9vention"},"content":{"rendered":"<p><div class=\"fusion-fullwidth fullwidth-box fusion-builder-row-1 fusion-flex-container has-pattern-background has-mask-background nonhundred-percent-fullwidth non-hundred-percent-height-scrolling\" style=\"--awb-border-sizes-bottom:0px;--awb-border-sizes-left:0px;--awb-border-sizes-right:0px;--awb-border-color:var(--awb-color4);--awb-border-radius-top-left:0px;--awb-border-radius-top-right:0px;--awb-border-radius-bottom-right:0px;--awb-border-radius-bottom-left:0px;--awb-padding-top:2vw;--awb-padding-right:0px;--awb-padding-bottom:0vw;--awb-padding-left:0px;--awb-margin-top:100px;--awb-background-color:var(--awb-color1);--awb-flex-wrap:wrap;\" ><div class=\"fusion-builder-row fusion-row fusion-flex-align-items-flex-start fusion-flex-content-wrap\" style=\"max-width:calc( 1320px + 0px );margin-left: calc(-0px \/ 2 );margin-right: calc(-0px \/ 2 );\"><div class=\"fusion-layout-column fusion_builder_column fusion-builder-column-0 fusion_builder_column_1_1 1_1 fusion-flex-column\" style=\"--awb-padding-top:4.3vw;--awb-padding-bottom:4.3vw;--awb-bg-image:url(&#039;http:\/\/orienta-tik.eus\/wp-content\/uploads\/2023\/12\/textura_amarilla.png&#039;);--awb-bg-size:cover;--awb-border-color:var(--awb-color4);--awb-border-right:40px;--awb-border-bottom:40px;--awb-border-left:40px;--awb-border-style:solid;--awb-width-large:100%;--awb-margin-top-large:0px;--awb-spacing-right-large:0px;--awb-margin-bottom-large:20px;--awb-spacing-left-large:0px;--awb-width-medium:100%;--awb-order-medium:0;--awb-spacing-right-medium:0px;--awb-spacing-left-medium:0px;--awb-width-small:100%;--awb-order-small:0;--awb-spacing-right-small:0px;--awb-spacing-left-small:0px;\" data-scroll-devices=\"small-visibility,medium-visibility,large-visibility\"><div class=\"fusion-column-wrapper fusion-column-has-shadow fusion-flex-justify-content-flex-start fusion-content-layout-column fusion-column-has-bg-image\" data-bg-url=\"http:\/\/orienta-tik.eus\/wp-content\/uploads\/2023\/12\/textura_amarilla.png\"><div class=\"fusion-title title fusion-title-1 fusion-sep-none fusion-title-text fusion-title-size-two\" style=\"--awb-margin-right:6%;--awb-margin-bottom:0px;--awb-margin-right-small:5%;--awb-margin-bottom-small:0px;\"><h2 class=\"fusion-title-heading title-heading-right fusion-responsive-typography-calculated\" style=\"margin:0;--fontSize:48;line-height:var(--awb-typography1-line-height);\">Pr\u00e9vention<\/h2><\/div><div class=\"fusion-text fusion-text-1\" style=\"--awb-content-alignment:right;--awb-margin-top:0px;--awb-margin-right:6%;\"><p>Pr\u00e9parez-vous<\/p>\n<\/div><\/div><\/div><\/div><\/div><div class=\"fusion-fullwidth fullwidth-box fusion-builder-row-2 fusion-flex-container nonhundred-percent-fullwidth non-hundred-percent-height-scrolling\" style=\"--awb-border-radius-top-left:0px;--awb-border-radius-top-right:0px;--awb-border-radius-bottom-right:0px;--awb-border-radius-bottom-left:0px;--awb-padding-top:40px;--awb-padding-bottom:0px;--awb-padding-top-small:30px;--awb-padding-right-small:20px;--awb-padding-left-small:20px;--awb-background-color:var(--awb-color1);--awb-flex-wrap:wrap;\" ><div class=\"fusion-builder-row fusion-row fusion-flex-align-items-flex-start fusion-flex-justify-content-center fusion-flex-content-wrap\" style=\"max-width:1346.4px;margin-left: calc(-2% \/ 2 );margin-right: calc(-2% \/ 2 );\"><div class=\"fusion-layout-column fusion_builder_column fusion-builder-column-1 fusion_builder_column_1_1 1_1 fusion-flex-column\" style=\"--awb-bg-blend:overlay;--awb-bg-size:cover;--awb-width-large:100%;--awb-margin-top-large:0px;--awb-spacing-right-large:0.98%;--awb-margin-bottom-large:0px;--awb-spacing-left-large:0.98%;--awb-width-medium:100%;--awb-spacing-right-medium:0.98%;--awb-spacing-left-medium:0.98%;--awb-width-small:100%;--awb-spacing-right-small:0.98%;--awb-spacing-left-small:0.98%;\"><div class=\"fusion-column-wrapper fusion-flex-justify-content-flex-start fusion-content-layout-column\"><div class=\"fusion-title title fusion-title-2 fusion-sep-none fusion-title-center fusion-title-text fusion-title-size-one\" style=\"--awb-margin-bottom:0px;--awb-margin-bottom-small:0px;\"><h1 class=\"fusion-title-heading title-heading-center fusion-responsive-typography-calculated\" style=\"margin:0;--fontSize:64;line-height:var(--awb-typography1-line-height);\">Un secteur de r\u00e9f\u00e9rence en Pr\u00e9vention des risques professionnels<\/h1><\/div><div class=\"fusion-title title fusion-title-3 fusion-sep-none fusion-title-center fusion-title-text fusion-title-size-four\" style=\"--awb-text-color:var(--awb-color4);--awb-margin-top:0px;--awb-margin-top-small:0px;\"><h4 class=\"fusion-title-heading title-heading-center fusion-responsive-typography-calculated\" style=\"margin:0;--fontSize:24;--minFontSize:24;line-height:var(--awb-typography1-line-height);\">\u00a1Nous mettons \u00e0 votre disposition des ressources nombreuses et diverses!<\/h4><\/div><div class=\"fusion-separator fusion-has-icon\" style=\"align-self: center;margin-left: auto;margin-right: auto;margin-top:0px;margin-bottom:10px;width:100%;max-width:10%;\"><div class=\"fusion-separator-border sep-single sep-solid\" style=\"--awb-height:20px;--awb-amount:20px;--awb-sep-color:#cccccc;border-color:#cccccc;border-top-width:3px;\"><\/div><span class=\"icon-wrapper\" style=\"border-color:transparent;font-size:24px;width: 1.75em; height: 1.75em;border-width:3px;padding:3px;margin-top:-1.5px\"><i class=\"fa-chevron-down fas\" style=\"font-size: inherit;color:#cccccc;\" aria-hidden=\"true\"><\/i><\/span><div class=\"fusion-separator-border sep-single sep-solid\" style=\"--awb-height:20px;--awb-amount:20px;--awb-sep-color:#cccccc;border-color:#cccccc;border-top-width:3px;\"><\/div><\/div><\/div><\/div><div class=\"fusion-layout-column fusion_builder_column fusion-builder-column-2 fusion_builder_column_4_5 4_5 fusion-flex-column\" style=\"--awb-bg-blend:overlay;--awb-bg-size:cover;--awb-width-large:80%;--awb-margin-top-large:0px;--awb-spacing-right-large:1.225%;--awb-margin-bottom-large:0px;--awb-spacing-left-large:1.225%;--awb-width-medium:100%;--awb-spacing-right-medium:0.98%;--awb-spacing-left-medium:0.98%;--awb-width-small:100%;--awb-spacing-right-small:0.98%;--awb-spacing-left-small:0.98%;\"><div class=\"fusion-column-wrapper fusion-flex-justify-content-flex-start fusion-content-layout-column\"><div class=\"fusion-text fusion-text-2\" style=\"--awb-content-alignment:center;--awb-font-size:20px;--awb-margin-right:0%;--awb-margin-left:0%;\"><p>La Fundaci\u00f3n Laboral de la Construcci\u00f3n met \u00e0 votre disposition un portail web o\u00f9 vous trouverez des ressources nombreuses et diverses et des services pr\u00e9cis destin\u00e9s \u00e0 la Pr\u00e9vention des risques professionnels; <strong>Ligne de pr\u00e9vention<\/strong>.<\/p>\n<p>Vous pouvez le d\u00e9couvrir en d\u00e9tail et trouver des services tels que les <strong>Consultations de ligne de pr\u00e9vention<\/strong>, o\u00f9 vous pouvez faire de consultations sp\u00e9cifiques et vous serez conseill\u00e9 gratuitement en mati\u00e8re de sant\u00e9 et de s\u00e9curit\u00e9 dans le secteur du BTP.<\/p>\n<\/div><div style=\"text-align:center;\"><a class=\"fusion-button button-flat fusion-button-default-size button-default fusion-button-default button-1 fusion-button-default-span fusion-button-default-type\" style=\"--button_margin-top:30px;\" target=\"_blank\" rel=\"noopener noreferrer\" href=\"https:\/\/www.lineaprevencion.com\/\"><i class=\"fa-external-link-alt fas awb-button__icon awb-button__icon--default button-icon-left\" aria-hidden=\"true\"><\/i><span class=\"fusion-button-text awb-button__text awb-button__text--default\">Acc\u00e8s \u00e0 la Ligne de pr\u00e9vention<\/span><\/a><\/div><\/div><\/div><\/div><\/div><div id=\"titulaciones\" class=\"fusion-container-anchor\"><div class=\"fusion-fullwidth fullwidth-box fusion-builder-row-3 fusion-flex-container nonhundred-percent-fullwidth non-hundred-percent-height-scrolling\" style=\"--awb-border-radius-top-left:0px;--awb-border-radius-top-right:0px;--awb-border-radius-bottom-right:0px;--awb-border-radius-bottom-left:0px;--awb-padding-top:50px;--awb-padding-bottom:70px;--awb-margin-top:40px;--awb-background-color:var(--awb-color1);--awb-flex-wrap:wrap;\" ><div class=\"fusion-builder-row fusion-row fusion-flex-align-items-stretch fusion-flex-justify-content-center fusion-flex-content-wrap\" style=\"max-width:1372.8px;margin-left: calc(-4% \/ 2 );margin-right: calc(-4% \/ 2 );\"><div class=\"fusion-layout-column fusion_builder_column fusion-builder-column-3 fusion_builder_column_3_4 3_4 fusion-flex-column\" style=\"--awb-bg-blend:overlay;--awb-bg-size:cover;--awb-width-large:75%;--awb-margin-top-large:0px;--awb-spacing-right-large:2.56%;--awb-margin-bottom-large:50px;--awb-spacing-left-large:2.56%;--awb-width-medium:100%;--awb-spacing-right-medium:1.92%;--awb-spacing-left-medium:1.92%;--awb-width-small:100%;--awb-spacing-right-small:1.92%;--awb-spacing-left-small:1.92%;\"><div class=\"fusion-column-wrapper fusion-flex-justify-content-flex-start fusion-content-layout-column\"><div class=\"fusion-title title fusion-title-4 fusion-sep-none fusion-title-center fusion-title-text fusion-title-size-three\" style=\"--awb-margin-bottom:20px;--awb-margin-bottom-small:0px;\"><h3 class=\"fusion-title-heading title-heading-center fusion-responsive-typography-calculated\" style=\"margin:0;--fontSize:38;line-height:var(--awb-typography1-line-height);\"><mark class=\"fusion-highlight light highlight1 awb-highlight-marker\">La Pr\u00e9vention des risques professionnels dans le BTP, informations que vous souhaitez conna\u00eetre<\/mark><\/h3><\/div><\/div><\/div><div class=\"fusion-layout-column fusion_builder_column fusion-builder-column-4 fusion_builder_column_1_2 1_2 fusion-flex-column\" style=\"--awb-padding-top:20px;--awb-padding-right:30px;--awb-padding-bottom:10px;--awb-padding-left:30px;--awb-bg-color:var(--awb-color5);--awb-bg-color-hover:var(--awb-color5);--awb-bg-size:cover;--awb-width-large:50%;--awb-margin-top-large:0px;--awb-spacing-right-large:3.84%;--awb-margin-bottom-large:20px;--awb-spacing-left-large:3.84%;--awb-width-medium:100%;--awb-order-medium:0;--awb-spacing-right-medium:1.92%;--awb-spacing-left-medium:1.92%;--awb-width-small:100%;--awb-order-small:0;--awb-spacing-right-small:1.92%;--awb-spacing-left-small:1.92%;\" data-scroll-devices=\"small-visibility,medium-visibility,large-visibility\"><div class=\"fusion-column-wrapper fusion-column-has-shadow fusion-flex-justify-content-flex-start fusion-content-layout-column\"><div class=\"fusion-title title fusion-title-5 fusion-sep-none fusion-title-center fusion-title-text fusion-title-size-four\"><h4 class=\"fusion-title-heading title-heading-center fusion-responsive-typography-calculated\" style=\"font-family:&quot;Jost&quot;;font-style:normal;font-weight:800;margin:0;text-transform:none;--fontSize:24;--minFontSize:24;line-height:1.2;\">Formation obligatoire<\/h4><\/div><div class=\"fusion-separator\" style=\"align-self: center;margin-left: auto;margin-right: auto;margin-top:10px;margin-bottom:20px;width:100%;max-width:10%;\"><div class=\"fusion-separator-border sep-single sep-solid\" style=\"--awb-height:20px;--awb-amount:20px;--awb-sep-color:var(--awb-color8);border-color:var(--awb-color8);border-top-width:4px;\"><\/div><\/div><div class=\"fusion-text fusion-text-3\"><p>Le BTP est le premier secteur \u00e0 disposer d&rsquo;un syst\u00e8me de r\u00e9glementation de la formation en mati\u00e8re de pr\u00e9vention des risques professionnels.<\/p>\n<p>Avant de commencer \u00e0 travailler, vous devez avoir suivi au moins une formation obligatoire de 8 ou 20 heures en Pr\u00e9vention des risques professionnels. L&rsquo;entreprise vous enverra compl\u00e9ter la formation dans une entit\u00e9 agr\u00e9\u00e9e, parmi laquelle se trouve la Fundaci\u00f3n Laboral de la Construcci\u00f3n (<a href=\"https:\/\/www.cursosenconstruccion.com\/cursos-subvencionados\/pais-vasco?term=prevenci%C3%B3n\" target=\"_blank\" rel=\"noopener\"><u>prochaines dates<\/u><\/a>). Gr\u00e2ce \u00e0 cette formation, vous pourrez effectuer les d\u00e9marches pour la <a href=\"https:\/\/orienta-tik.eus\/fr\/por-que-la-construccion\/tpc\/\"><u>Carte Professionnelle du BTP<\/u><\/a>.<\/p>\n<p>Si vous avez suivi une formation que vous estimez valable, veuillez contacter la Fundaci\u00f3n Laboral de la Construcci\u00f3n du Pays basque.<\/p>\n<p>L&rsquo;entreprise doit \u00e9galement vous informer de tous les risques des activit\u00e9s li\u00e9es \u00e0 votre activit\u00e9, \u00e0 votre environnement de travail et des \u00e9quipements que vous allez porter.<\/p>\n<\/div><\/div><\/div><div class=\"fusion-layout-column fusion_builder_column fusion-builder-column-5 fusion_builder_column_1_2 1_2 fusion-flex-column\" style=\"--awb-bg-size:cover;--awb-width-large:50%;--awb-margin-top-large:0px;--awb-spacing-right-large:3.84%;--awb-margin-bottom-large:20px;--awb-spacing-left-large:3.84%;--awb-width-medium:100%;--awb-order-medium:0;--awb-margin-top-medium:20px;--awb-spacing-right-medium:1.92%;--awb-spacing-left-medium:1.92%;--awb-width-small:100%;--awb-order-small:0;--awb-spacing-right-small:1.92%;--awb-spacing-left-small:1.92%;\"><div class=\"fusion-column-wrapper fusion-column-has-shadow fusion-flex-justify-content-flex-start fusion-content-layout-column\"><div class=\"fusion-builder-row fusion-builder-row-inner fusion-row fusion-flex-align-items-stretch fusion-flex-justify-content-center fusion-flex-content-wrap\" style=\"width:104% !important;max-width:104% !important;margin-left: calc(-4% \/ 2 );margin-right: calc(-4% \/ 2 );\"><div class=\"fusion-layout-column fusion_builder_column_inner fusion-builder-nested-column-0 fusion_builder_column_inner_1_1 1_1 fusion-flex-column\" style=\"--awb-padding-top:20px;--awb-padding-right:30px;--awb-padding-bottom:10px;--awb-padding-left:30px;--awb-bg-color:var(--awb-color3);--awb-bg-color-hover:var(--awb-color3);--awb-bg-size:cover;--awb-width-large:100%;--awb-margin-top-large:0px;--awb-spacing-right-large:1.92%;--awb-margin-bottom-large:50px;--awb-spacing-left-large:1.92%;--awb-width-medium:100%;--awb-order-medium:0;--awb-spacing-right-medium:1.92%;--awb-spacing-left-medium:1.92%;--awb-width-small:100%;--awb-order-small:0;--awb-spacing-right-small:1.92%;--awb-spacing-left-small:1.92%;\" data-scroll-devices=\"small-visibility,medium-visibility,large-visibility\"><div class=\"fusion-column-wrapper fusion-column-has-shadow fusion-flex-justify-content-flex-start fusion-content-layout-column\"><div class=\"fusion-title title fusion-title-6 fusion-sep-none fusion-title-center fusion-title-text fusion-title-size-four\"><h4 class=\"fusion-title-heading title-heading-center fusion-responsive-typography-calculated\" style=\"font-family:&quot;Jost&quot;;font-style:normal;font-weight:800;margin:0;--fontSize:24;--minFontSize:24;line-height:1.2;\">Visite m\u00e9dicale initiale<\/h4><\/div><div class=\"fusion-separator\" style=\"align-self: center;margin-left: auto;margin-right: auto;margin-top:10px;margin-bottom:20px;width:100%;max-width:10%;\"><div class=\"fusion-separator-border sep-single sep-solid\" style=\"--awb-height:20px;--awb-amount:20px;--awb-sep-color:var(--awb-color8);border-color:var(--awb-color8);border-top-width:4px;\"><\/div><\/div><div class=\"fusion-text fusion-text-4\"><p>Avant de commencer \u00e0 travailler, l&rsquo;entreprise vous fixera un rendez-vous pour passer la visite m\u00e9dicale initiale obligatoire dans le secteur du BTP.<\/p>\n<\/div><\/div><\/div><div class=\"fusion-layout-column fusion_builder_column_inner fusion-builder-nested-column-1 fusion_builder_column_inner_1_1 1_1 fusion-flex-column\" style=\"--awb-padding-top:20px;--awb-padding-right:30px;--awb-padding-bottom:45px;--awb-padding-left:30px;--awb-bg-color:var(--awb-color3);--awb-bg-color-hover:var(--awb-color3);--awb-bg-size:cover;--awb-width-large:100%;--awb-margin-top-large:0px;--awb-spacing-right-large:1.92%;--awb-margin-bottom-large:0px;--awb-spacing-left-large:1.92%;--awb-width-medium:100%;--awb-order-medium:0;--awb-spacing-right-medium:1.92%;--awb-spacing-left-medium:1.92%;--awb-width-small:100%;--awb-order-small:0;--awb-spacing-right-small:1.92%;--awb-spacing-left-small:1.92%;\" data-scroll-devices=\"small-visibility,medium-visibility,large-visibility\"><div class=\"fusion-column-wrapper fusion-column-has-shadow fusion-flex-justify-content-flex-start fusion-content-layout-column\"><div class=\"fusion-title title fusion-title-7 fusion-sep-none fusion-title-center fusion-title-text fusion-title-size-four\"><h4 class=\"fusion-title-heading title-heading-center fusion-responsive-typography-calculated\" style=\"font-family:&quot;Jost&quot;;font-style:normal;font-weight:800;margin:0;--fontSize:24;--minFontSize:24;line-height:1.2;\">\u00c9quipements de protection<\/h4><\/div><div class=\"fusion-separator\" style=\"align-self: center;margin-left: auto;margin-right: auto;margin-bottom:20px;width:100%;max-width:10%;\"><div class=\"fusion-separator-border sep-single sep-solid\" style=\"--awb-height:20px;--awb-amount:20px;--awb-sep-color:var(--awb-color8);border-color:var(--awb-color8);border-top-width:4px;\"><\/div><\/div><div class=\"fusion-text fusion-text-5\"><p>Sur le chantier, vous devez toujours \u00eatre prot\u00e9g\u00e9 par des protections collectives (garde-corps, filets, etc.) et si celles-ci ne suffisent pas, l&rsquo;entreprise doit vous fournir des \u00e9quipements de protection individuelle adapt\u00e9s : casque, gants, harnais, etc.)<\/p>\n<p>Vous devez utiliser et prendre soin de cet \u00e9quipement conform\u00e9ment aux instructions re\u00e7ues.<\/p>\n<\/div><\/div><\/div><\/div><\/div><\/div><div class=\"fusion-layout-column fusion_builder_column fusion-builder-column-6 fusion_builder_column_1_1 1_1 fusion-flex-column\" style=\"--awb-padding-top:20px;--awb-padding-right:30px;--awb-padding-bottom:10px;--awb-padding-left:30px;--awb-bg-color:var(--awb-color5);--awb-bg-color-hover:var(--awb-color5);--awb-bg-size:cover;--awb-width-large:100%;--awb-margin-top-large:40px;--awb-spacing-right-large:1.92%;--awb-margin-bottom-large:20px;--awb-spacing-left-large:1.92%;--awb-width-medium:100%;--awb-order-medium:0;--awb-margin-top-medium:20px;--awb-spacing-right-medium:1.92%;--awb-spacing-left-medium:1.92%;--awb-width-small:100%;--awb-order-small:0;--awb-spacing-right-small:1.92%;--awb-spacing-left-small:1.92%;\" data-scroll-devices=\"small-visibility,medium-visibility,large-visibility\"><div class=\"fusion-column-wrapper fusion-column-has-shadow fusion-flex-justify-content-flex-start fusion-content-layout-column\"><div class=\"fusion-title title fusion-title-8 fusion-sep-none fusion-title-center fusion-title-text fusion-title-size-four\"><h4 class=\"fusion-title-heading title-heading-center fusion-responsive-typography-calculated\" style=\"font-family:&quot;Jost&quot;;font-style:normal;font-weight:800;margin:0;--fontSize:24;--minFontSize:24;line-height:1.2;\">Recours pr\u00e9ventif sur le chantier, le professionnel de r\u00e9f\u00e9rence<\/h4><\/div><div class=\"fusion-separator\" style=\"align-self: center;margin-left: auto;margin-right: auto;margin-top:10px;margin-bottom:20px;width:100%;max-width:10%;\"><div class=\"fusion-separator-border sep-single sep-solid\" style=\"--awb-height:20px;--awb-amount:20px;--awb-sep-color:var(--awb-color8);border-color:var(--awb-color8);border-top-width:4px;\"><\/div><\/div><div class=\"fusion-text fusion-text-6\"><p>Sur le chantier, vous disposez d&rsquo;une personne qui exerce les fonctions de pr\u00e9vention des risques professionnels et \u00e0 qui vous pouvez vous adresser \u00e0 tout moment. Ce sont des travailleurs qui b\u00e9n\u00e9ficient \u00e9galement d\u2019une pr\u00e9paration et d\u2019une formation exclusives pour surveiller le cadre de travail.<\/p>\n<\/div><div style=\"text-align:center;\"><a class=\"fusion-button button-flat fusion-button-default-size button-custom fusion-button-default button-2 fusion-button-default-span fusion-button-default-type\" style=\"--button_accent_color:var(--awb-color1);--button_accent_hover_color:var(--awb-color1);--button_border_hover_color:var(--awb-color1);--button_gradient_top_color:var(--awb-color4);--button_gradient_bottom_color:var(--awb-color4);--button_gradient_top_color_hover:hsla(var(--awb-color5-h),calc(var(--awb-color5-s) - 5%),calc(var(--awb-color5-l) - 10%),var(--awb-color5-a));--button_gradient_bottom_color_hover:hsla(var(--awb-color5-h),calc(var(--awb-color5-s) - 5%),calc(var(--awb-color5-l) - 10%),var(--awb-color5-a));--button_margin-top:30px;\" target=\"_blank\" rel=\"noopener noreferrer\" href=\"https:\/\/www.lineaprevencion.com\/recursos\/normas-basicas-de-seguridad-en-obra\"><i class=\"fa-external-link-alt fas awb-button__icon awb-button__icon--default button-icon-left\" aria-hidden=\"true\"><\/i><span class=\"fusion-button-text awb-button__text awb-button__text--default\">T\u00e9l\u00e9chargez 10 r\u00e8gles de base de s\u00e9curit\u00e9 sur le chantier<\/span><\/a><\/div><\/div><\/div><\/div><\/div><\/div><\/p>\n","protected":false},"excerpt":{"rendered":"","protected":false},"author":2,"featured_media":0,"parent":847,"menu_order":0,"comment_status":"closed","ping_status":"closed","template":"100-width.php","meta":{"footnotes":""},"class_list":["post-896","page","type-page","status-publish","hentry"],"yoast_head":"<!-- This site is optimized with the Yoast SEO plugin v25.7 - https:\/\/yoast.com\/wordpress\/plugins\/seo\/ -->\n<title>Pr\u00e9vention - orienta-tik.eus<\/title>\n<meta name=\"robots\" content=\"index, follow, max-snippet:-1, max-image-preview:large, max-video-preview:-1\" \/>\n<link rel=\"canonical\" href=\"https:\/\/orienta-tik.eus\/fr\/preparate\/prevencion\/\" \/>\n<meta property=\"og:locale\" content=\"fr_FR\" \/>\n<meta property=\"og:type\" content=\"article\" \/>\n<meta property=\"og:title\" content=\"Pr\u00e9vention - orienta-tik.eus\" \/>\n<meta property=\"og:url\" content=\"https:\/\/orienta-tik.eus\/fr\/preparate\/prevencion\/\" \/>\n<meta property=\"og:site_name\" content=\"orienta-tik.eus\" \/>\n<meta property=\"article:modified_time\" content=\"2023-12-29T11:48:59+00:00\" \/>\n<meta name=\"twitter:card\" content=\"summary_large_image\" \/>\n<meta name=\"twitter:label1\" content=\"Dur\u00e9e de lecture estim\u00e9e\" \/>\n\t<meta name=\"twitter:data1\" content=\"29 minutes\" \/>\n<script type=\"application\/ld+json\" class=\"yoast-schema-graph\">{\"@context\":\"https:\/\/schema.org\",\"@graph\":[{\"@type\":\"WebPage\",\"@id\":\"https:\/\/orienta-tik.eus\/fr\/preparate\/prevencion\/\",\"url\":\"https:\/\/orienta-tik.eus\/fr\/preparate\/prevencion\/\",\"name\":\"Pr\u00e9vention - orienta-tik.eus\",\"isPartOf\":{\"@id\":\"https:\/\/orienta-tik.eus\/#website\"},\"datePublished\":\"2023-12-19T14:08:07+00:00\",\"dateModified\":\"2023-12-29T11:48:59+00:00\",\"breadcrumb\":{\"@id\":\"https:\/\/orienta-tik.eus\/fr\/preparate\/prevencion\/#breadcrumb\"},\"inLanguage\":\"fr-FR\",\"potentialAction\":[{\"@type\":\"ReadAction\",\"target\":[\"https:\/\/orienta-tik.eus\/fr\/preparate\/prevencion\/\"]}]},{\"@type\":\"BreadcrumbList\",\"@id\":\"https:\/\/orienta-tik.eus\/fr\/preparate\/prevencion\/#breadcrumb\",\"itemListElement\":[{\"@type\":\"ListItem\",\"position\":1,\"name\":\"Portada\",\"item\":\"https:\/\/orienta-tik.eus\/fr\/\"},{\"@type\":\"ListItem\",\"position\":2,\"name\":\"Pr\u00e9parez-vous\",\"item\":\"https:\/\/orienta-tik.eus\/fr\/preparate\/\"},{\"@type\":\"ListItem\",\"position\":3,\"name\":\"Pr\u00e9vention\"}]},{\"@type\":\"WebSite\",\"@id\":\"https:\/\/orienta-tik.eus\/#website\",\"url\":\"https:\/\/orienta-tik.eus\/\",\"name\":\"orienta-tik.eus\",\"description\":\"DESCUBRE UN FUTURO EN CONSTRUCCI\u00d3N\",\"potentialAction\":[{\"@type\":\"SearchAction\",\"target\":{\"@type\":\"EntryPoint\",\"urlTemplate\":\"https:\/\/orienta-tik.eus\/?s={search_term_string}\"},\"query-input\":{\"@type\":\"PropertyValueSpecification\",\"valueRequired\":true,\"valueName\":\"search_term_string\"}}],\"inLanguage\":\"fr-FR\"}]}<\/script>\n<!-- \/ Yoast SEO plugin. -->","yoast_head_json":{"title":"Pr\u00e9vention - orienta-tik.eus","robots":{"index":"index","follow":"follow","max-snippet":"max-snippet:-1","max-image-preview":"max-image-preview:large","max-video-preview":"max-video-preview:-1"},"canonical":"https:\/\/orienta-tik.eus\/fr\/preparate\/prevencion\/","og_locale":"fr_FR","og_type":"article","og_title":"Pr\u00e9vention - orienta-tik.eus","og_url":"https:\/\/orienta-tik.eus\/fr\/preparate\/prevencion\/","og_site_name":"orienta-tik.eus","article_modified_time":"2023-12-29T11:48:59+00:00","twitter_card":"summary_large_image","twitter_misc":{"Dur\u00e9e de lecture estim\u00e9e":"29 minutes"},"schema":{"@context":"https:\/\/schema.org","@graph":[{"@type":"WebPage","@id":"https:\/\/orienta-tik.eus\/fr\/preparate\/prevencion\/","url":"https:\/\/orienta-tik.eus\/fr\/preparate\/prevencion\/","name":"Pr\u00e9vention - orienta-tik.eus","isPartOf":{"@id":"https:\/\/orienta-tik.eus\/#website"},"datePublished":"2023-12-19T14:08:07+00:00","dateModified":"2023-12-29T11:48:59+00:00","breadcrumb":{"@id":"https:\/\/orienta-tik.eus\/fr\/preparate\/prevencion\/#breadcrumb"},"inLanguage":"fr-FR","potentialAction":[{"@type":"ReadAction","target":["https:\/\/orienta-tik.eus\/fr\/preparate\/prevencion\/"]}]},{"@type":"BreadcrumbList","@id":"https:\/\/orienta-tik.eus\/fr\/preparate\/prevencion\/#breadcrumb","itemListElement":[{"@type":"ListItem","position":1,"name":"Portada","item":"https:\/\/orienta-tik.eus\/fr\/"},{"@type":"ListItem","position":2,"name":"Pr\u00e9parez-vous","item":"https:\/\/orienta-tik.eus\/fr\/preparate\/"},{"@type":"ListItem","position":3,"name":"Pr\u00e9vention"}]},{"@type":"WebSite","@id":"https:\/\/orienta-tik.eus\/#website","url":"https:\/\/orienta-tik.eus\/","name":"orienta-tik.eus","description":"DESCUBRE UN FUTURO EN CONSTRUCCI\u00d3N","potentialAction":[{"@type":"SearchAction","target":{"@type":"EntryPoint","urlTemplate":"https:\/\/orienta-tik.eus\/?s={search_term_string}"},"query-input":{"@type":"PropertyValueSpecification","valueRequired":true,"valueName":"search_term_string"}}],"inLanguage":"fr-FR"}]}},"_links":{"self":[{"href":"https:\/\/orienta-tik.eus\/fr\/wp-json\/wp\/v2\/pages\/896","targetHints":{"allow":["GET"]}}],"collection":[{"href":"https:\/\/orienta-tik.eus\/fr\/wp-json\/wp\/v2\/pages"}],"about":[{"href":"https:\/\/orienta-tik.eus\/fr\/wp-json\/wp\/v2\/types\/page"}],"author":[{"embeddable":true,"href":"https:\/\/orienta-tik.eus\/fr\/wp-json\/wp\/v2\/users\/2"}],"replies":[{"embeddable":true,"href":"https:\/\/orienta-tik.eus\/fr\/wp-json\/wp\/v2\/comments?post=896"}],"version-history":[{"count":3,"href":"https:\/\/orienta-tik.eus\/fr\/wp-json\/wp\/v2\/pages\/896\/revisions"}],"predecessor-version":[{"id":962,"href":"https:\/\/orienta-tik.eus\/fr\/wp-json\/wp\/v2\/pages\/896\/revisions\/962"}],"up":[{"embeddable":true,"href":"https:\/\/orienta-tik.eus\/fr\/wp-json\/wp\/v2\/pages\/847"}],"wp:attachment":[{"href":"https:\/\/orienta-tik.eus\/fr\/wp-json\/wp\/v2\/media?parent=896"}],"curies":[{"name":"wp","href":"https:\/\/api.w.org\/{rel}","templated":true}]}}