{"id":894,"date":"2023-12-19T15:01:15","date_gmt":"2023-12-19T14:01:15","guid":{"rendered":"https:\/\/orienta-tik.eus\/preparate\/contrato-trabajo\/"},"modified":"2023-12-28T16:43:42","modified_gmt":"2023-12-28T15:43:42","slug":"contrato-trabajo","status":"publish","type":"page","link":"https:\/\/orienta-tik.eus\/fr\/preparate\/contrato-trabajo\/","title":{"rendered":"Contrat"},"content":{"rendered":"<p><div class=\"fusion-fullwidth fullwidth-box fusion-builder-row-1 fusion-flex-container has-pattern-background has-mask-background nonhundred-percent-fullwidth non-hundred-percent-height-scrolling\" style=\"--awb-border-sizes-bottom:0px;--awb-border-sizes-left:0px;--awb-border-sizes-right:0px;--awb-border-color:var(--awb-color4);--awb-border-radius-top-left:0px;--awb-border-radius-top-right:0px;--awb-border-radius-bottom-right:0px;--awb-border-radius-bottom-left:0px;--awb-padding-top:2vw;--awb-padding-right:0px;--awb-padding-bottom:0vw;--awb-padding-left:0px;--awb-margin-top:100px;--awb-background-color:var(--awb-color1);--awb-flex-wrap:wrap;\" ><div class=\"fusion-builder-row fusion-row fusion-flex-align-items-flex-start fusion-flex-content-wrap\" style=\"max-width:calc( 1320px + 0px );margin-left: calc(-0px \/ 2 );margin-right: calc(-0px \/ 2 );\"><div class=\"fusion-layout-column fusion_builder_column fusion-builder-column-0 fusion_builder_column_1_1 1_1 fusion-flex-column\" style=\"--awb-padding-top:4.3vw;--awb-padding-bottom:4.3vw;--awb-bg-image:url(&#039;http:\/\/orienta-tik.eus\/wp-content\/uploads\/2023\/12\/textura_amarilla.png&#039;);--awb-bg-size:cover;--awb-border-color:var(--awb-color4);--awb-border-right:40px;--awb-border-bottom:40px;--awb-border-left:40px;--awb-border-style:solid;--awb-width-large:100%;--awb-margin-top-large:0px;--awb-spacing-right-large:0px;--awb-margin-bottom-large:20px;--awb-spacing-left-large:0px;--awb-width-medium:100%;--awb-order-medium:0;--awb-spacing-right-medium:0px;--awb-spacing-left-medium:0px;--awb-width-small:100%;--awb-order-small:0;--awb-spacing-right-small:0px;--awb-spacing-left-small:0px;\" data-scroll-devices=\"small-visibility,medium-visibility,large-visibility\"><div class=\"fusion-column-wrapper fusion-column-has-shadow fusion-flex-justify-content-flex-start fusion-content-layout-column fusion-column-has-bg-image\" data-bg-url=\"http:\/\/orienta-tik.eus\/wp-content\/uploads\/2023\/12\/textura_amarilla.png\"><div class=\"fusion-title title fusion-title-1 fusion-sep-none fusion-title-text fusion-title-size-two\" style=\"--awb-margin-right:6%;--awb-margin-bottom:0px;--awb-margin-right-small:5%;--awb-margin-bottom-small:0px;\"><h2 class=\"fusion-title-heading title-heading-right fusion-responsive-typography-calculated\" style=\"margin:0;--fontSize:48;line-height:var(--awb-typography1-line-height);\">Contrat de travail<\/h2><\/div><div class=\"fusion-text fusion-text-1\" style=\"--awb-content-alignment:right;--awb-margin-top:0px;--awb-margin-right:6%;\"><p>Pr\u00e9parez-vous<\/p>\n<\/div><\/div><\/div><\/div><\/div><div class=\"fusion-fullwidth fullwidth-box fusion-builder-row-2 fusion-flex-container nonhundred-percent-fullwidth non-hundred-percent-height-scrolling\" style=\"--awb-border-radius-top-left:0px;--awb-border-radius-top-right:0px;--awb-border-radius-bottom-right:0px;--awb-border-radius-bottom-left:0px;--awb-padding-top:40px;--awb-padding-bottom:0px;--awb-padding-top-small:30px;--awb-padding-right-small:20px;--awb-padding-left-small:20px;--awb-background-color:var(--awb-color1);--awb-flex-wrap:wrap;\" ><div class=\"fusion-builder-row fusion-row fusion-flex-align-items-flex-start fusion-flex-justify-content-center fusion-flex-content-wrap\" style=\"max-width:1346.4px;margin-left: calc(-2% \/ 2 );margin-right: calc(-2% \/ 2 );\"><div class=\"fusion-layout-column fusion_builder_column fusion-builder-column-1 fusion_builder_column_1_1 1_1 fusion-flex-column\" style=\"--awb-bg-blend:overlay;--awb-bg-size:cover;--awb-width-large:100%;--awb-margin-top-large:0px;--awb-spacing-right-large:0.98%;--awb-margin-bottom-large:0px;--awb-spacing-left-large:0.98%;--awb-width-medium:100%;--awb-spacing-right-medium:0.98%;--awb-spacing-left-medium:0.98%;--awb-width-small:100%;--awb-spacing-right-small:0.98%;--awb-spacing-left-small:0.98%;\"><div class=\"fusion-column-wrapper fusion-flex-justify-content-flex-start fusion-content-layout-column\"><div class=\"fusion-title title fusion-title-2 fusion-sep-none fusion-title-center fusion-title-text fusion-title-size-one\" style=\"--awb-margin-bottom:0px;--awb-margin-bottom-small:0px;\"><h1 class=\"fusion-title-heading title-heading-center fusion-responsive-typography-calculated\" style=\"margin:0;--fontSize:64;line-height:var(--awb-typography1-line-height);\">Votre contrat de travail<\/h1><\/div><div class=\"fusion-title title fusion-title-3 fusion-sep-none fusion-title-center fusion-title-text fusion-title-size-four\" style=\"--awb-text-color:var(--awb-color4);--awb-margin-top:0px;--awb-margin-top-small:0px;\"><h4 class=\"fusion-title-heading title-heading-center fusion-responsive-typography-calculated\" style=\"margin:0;--fontSize:24;--minFontSize:24;line-height:var(--awb-typography1-line-height);\">Il existe diff\u00e9rents types de contrats!<\/h4><\/div><div class=\"fusion-separator fusion-has-icon\" style=\"align-self: center;margin-left: auto;margin-right: auto;margin-top:0px;margin-bottom:10px;width:100%;max-width:10%;\"><div class=\"fusion-separator-border sep-single sep-solid\" style=\"--awb-height:20px;--awb-amount:20px;--awb-sep-color:#cccccc;border-color:#cccccc;border-top-width:3px;\"><\/div><span class=\"icon-wrapper\" style=\"border-color:transparent;font-size:24px;width: 1.75em; height: 1.75em;border-width:3px;padding:3px;margin-top:-1.5px\"><i class=\"fa-chevron-down fas\" style=\"font-size: inherit;color:#cccccc;\" aria-hidden=\"true\"><\/i><\/span><div class=\"fusion-separator-border sep-single sep-solid\" style=\"--awb-height:20px;--awb-amount:20px;--awb-sep-color:#cccccc;border-color:#cccccc;border-top-width:3px;\"><\/div><\/div><\/div><\/div><div class=\"fusion-layout-column fusion_builder_column fusion-builder-column-2 fusion_builder_column_4_5 4_5 fusion-flex-column\" style=\"--awb-bg-blend:overlay;--awb-bg-size:cover;--awb-width-large:80%;--awb-margin-top-large:0px;--awb-spacing-right-large:1.225%;--awb-margin-bottom-large:0px;--awb-spacing-left-large:1.225%;--awb-width-medium:100%;--awb-spacing-right-medium:0.98%;--awb-spacing-left-medium:0.98%;--awb-width-small:100%;--awb-spacing-right-small:0.98%;--awb-spacing-left-small:0.98%;\"><div class=\"fusion-column-wrapper fusion-flex-justify-content-flex-start fusion-content-layout-column\"><div class=\"fusion-text fusion-text-2\" style=\"--awb-content-alignment:center;--awb-font-size:20px;--awb-margin-right:0%;--awb-margin-left:0%;\"><p>Avant de commencer \u00e0 travailler, l&rsquo;entreprise et vous signerez un contrat de travail \u00e9crit contenant toutes les conditions qui r\u00e9giront la relation de travail.<\/p>\n<p>Dans le secteur du BTP, il existe <strong>diff\u00e9rents types de contrats<\/strong>, mais pour le travail sur chantier, les plus courants sont:<\/p>\n<\/div><\/div><\/div><div class=\"fusion-layout-column fusion_builder_column fusion-builder-column-3 fusion_builder_column_1_2 1_2 fusion-flex-column fusion-animated\" style=\"--awb-padding-top:40px;--awb-padding-right:50px;--awb-padding-bottom:40px;--awb-padding-left:50px;--awb-bg-color:var(--awb-color3);--awb-bg-color-hover:var(--awb-color3);--awb-bg-position:right bottom;--awb-bg-size:400px;--awb-border-color:var(--awb-color3);--awb-border-color-hover:var(--awb-color3);--awb-border-top:0px;--awb-border-right:0px;--awb-border-bottom:0px;--awb-border-left:0px;--awb-border-style:solid;--awb-width-large:50%;--awb-margin-top-large:0px;--awb-spacing-right-large:1.96%;--awb-margin-bottom-large:40px;--awb-spacing-left-large:1.96%;--awb-width-medium:50%;--awb-order-medium:0;--awb-spacing-right-medium:1.96%;--awb-spacing-left-medium:1.96%;--awb-width-small:100%;--awb-order-small:0;--awb-spacing-right-small:0.98%;--awb-spacing-left-small:0.98%;\" data-animationType=\"fadeIn\" data-animationDuration=\"1.5\" data-animationDelay=\"0.1\" data-animationOffset=\"top-into-view\" data-scroll-devices=\"small-visibility,medium-visibility,large-visibility\"><div class=\"fusion-column-wrapper fusion-column-has-shadow fusion-flex-justify-content-center fusion-content-layout-column\"><div class=\"fusion-title title fusion-title-4 fusion-sep-none fusion-title-center fusion-title-text fusion-title-size-four\" style=\"--awb-margin-top:0px;--awb-margin-bottom:20px;\"><h4 class=\"fusion-title-heading title-heading-center fusion-responsive-typography-calculated\" style=\"font-family:&quot;Jost&quot;;font-style:normal;font-weight:800;margin:0;--fontSize:24;--minFontSize:24;line-height:1.2;\">Le contrat \u00e0 dur\u00e9e ind\u00e9termin\u00e9e de chantier (ou d\u2019op\u00e9ration)<\/h4><\/div><div class=\"fusion-separator\" style=\"align-self: center;margin-left: auto;margin-right: auto;margin-bottom:20px;width:100%;max-width:15%;\"><div class=\"fusion-separator-border sep-single sep-solid\" style=\"--awb-height:20px;--awb-amount:20px;--awb-sep-color:var(--awb-color8);border-color:var(--awb-color8);border-top-width:4px;\"><\/div><\/div><div class=\"fusion-text fusion-text-3\"><p>Il s&rsquo;agit d&rsquo;un contrat exclusif pour les chantiers du BTP. \u00c0 la fin des travaux, l&rsquo;entreprise fera une proposition de red\u00e9ploiement et g\u00e9rera, le cas \u00e9ch\u00e9ant, la formalisation \u00e0 effectuer pour mettre \u00e0 jour la relation d\u00e9j\u00e0 existante avec le salari\u00e9.<\/p>\n<\/div><\/div><\/div><div class=\"fusion-layout-column fusion_builder_column fusion-builder-column-4 fusion_builder_column_1_2 1_2 fusion-flex-column fusion-animated\" style=\"--awb-padding-top:40px;--awb-padding-right:50px;--awb-padding-bottom:40px;--awb-padding-left:50px;--awb-bg-color:var(--awb-color3);--awb-bg-color-hover:var(--awb-color3);--awb-bg-position:right bottom;--awb-bg-size:400px;--awb-border-color:var(--awb-color3);--awb-border-color-hover:var(--awb-color3);--awb-border-top:0px;--awb-border-right:0px;--awb-border-bottom:0px;--awb-border-left:0px;--awb-border-style:solid;--awb-width-large:50%;--awb-margin-top-large:0px;--awb-spacing-right-large:1.96%;--awb-margin-bottom-large:40px;--awb-spacing-left-large:1.96%;--awb-width-medium:50%;--awb-order-medium:0;--awb-spacing-right-medium:1.96%;--awb-spacing-left-medium:1.96%;--awb-width-small:100%;--awb-order-small:0;--awb-spacing-right-small:0.98%;--awb-spacing-left-small:0.98%;\" data-animationType=\"fadeIn\" data-animationDuration=\"1.5\" data-animationDelay=\"0.1\" data-animationOffset=\"top-into-view\" data-scroll-devices=\"small-visibility,medium-visibility,large-visibility\"><div class=\"fusion-column-wrapper fusion-column-has-shadow fusion-flex-justify-content-center fusion-content-layout-column\"><div class=\"fusion-title title fusion-title-5 fusion-sep-none fusion-title-center fusion-title-text fusion-title-size-four\" style=\"--awb-margin-top:0px;--awb-margin-bottom:20px;\"><h4 class=\"fusion-title-heading title-heading-center fusion-responsive-typography-calculated\" style=\"font-family:&quot;Jost&quot;;font-style:normal;font-weight:800;margin:0;--fontSize:24;--minFontSize:24;line-height:1.2;\">Contrat fixe discontinu<\/h4><\/div><div class=\"fusion-separator\" style=\"align-self: center;margin-left: auto;margin-right: auto;margin-bottom:20px;width:100%;max-width:15%;\"><div class=\"fusion-separator-border sep-single sep-solid\" style=\"--awb-height:20px;--awb-amount:20px;--awb-sep-color:var(--awb-color8);border-color:var(--awb-color8);border-top-width:4px;\"><\/div><\/div><div class=\"fusion-text fusion-text-4\"><p>Ce contrat est con\u00e7u pour des activit\u00e9s r\u00e9alis\u00e9es p\u00e9riodiquement, mais n&rsquo;occupant pas toute l&rsquo;ann\u00e9e ; ils vous appelleront par ordre d&rsquo;anciennet\u00e9 dans l&rsquo;entreprise. Pendant que vous \u00eates en p\u00e9riode inactive, vous ferez partie d&rsquo;une bourse d&#8217;emploi exclusive dans le secteur du BTP.<\/p>\n<\/div><\/div><\/div><div class=\"fusion-layout-column fusion_builder_column fusion-builder-column-5 fusion_builder_column_4_5 4_5 fusion-flex-column\" style=\"--awb-bg-size:cover;--awb-width-large:80%;--awb-margin-top-large:0px;--awb-spacing-right-large:1.225%;--awb-margin-bottom-large:20px;--awb-spacing-left-large:1.225%;--awb-width-medium:80%;--awb-order-medium:0;--awb-spacing-right-medium:1.225%;--awb-spacing-left-medium:1.225%;--awb-width-small:100%;--awb-order-small:0;--awb-spacing-right-small:0.98%;--awb-spacing-left-small:0.98%;\" data-scroll-devices=\"small-visibility,medium-visibility,large-visibility\"><div class=\"fusion-column-wrapper fusion-column-has-shadow fusion-flex-justify-content-flex-start fusion-content-layout-column\"><div class=\"fusion-text fusion-text-5\"><p>Le secteur du BTP dispose \u00e9galement d&rsquo;une modalit\u00e9 de <strong>contrat de formation<\/strong>. L&rsquo;objectif de ce contrat est de rendre les processus de formation compatibles avec une activit\u00e9 professionnelle r\u00e9mun\u00e9r\u00e9e et de favoriser la qualification des personnes employ\u00e9es dans le secteur, ainsi que l&rsquo;int\u00e9gration des jeunes.<\/p>\n<p>Pour toute question, veuillez contacter <a href=\"https:\/\/orienta-tik.eus\/fr\/por-que-la-construccion\/sindicatos\/\">votre syndicat de r\u00e9f\u00e9rence<\/a>.<\/p>\n<\/div><\/div><\/div><\/div><\/div><\/p>\n","protected":false},"excerpt":{"rendered":"","protected":false},"author":2,"featured_media":0,"parent":847,"menu_order":0,"comment_status":"closed","ping_status":"closed","template":"100-width.php","meta":{"footnotes":""},"class_list":["post-894","page","type-page","status-publish","hentry"],"yoast_head":"<!-- This site is optimized with the Yoast SEO plugin v25.7 - https:\/\/yoast.com\/wordpress\/plugins\/seo\/ -->\n<title>Contrat - orienta-tik.eus<\/title>\n<meta name=\"robots\" content=\"index, follow, max-snippet:-1, max-image-preview:large, max-video-preview:-1\" \/>\n<link rel=\"canonical\" href=\"https:\/\/orienta-tik.eus\/fr\/preparate\/contrato-trabajo\/\" \/>\n<meta property=\"og:locale\" content=\"fr_FR\" \/>\n<meta property=\"og:type\" content=\"article\" \/>\n<meta property=\"og:title\" content=\"Contrat - orienta-tik.eus\" \/>\n<meta property=\"og:url\" content=\"https:\/\/orienta-tik.eus\/fr\/preparate\/contrato-trabajo\/\" \/>\n<meta property=\"og:site_name\" content=\"orienta-tik.eus\" \/>\n<meta property=\"article:modified_time\" content=\"2023-12-28T15:43:42+00:00\" \/>\n<meta name=\"twitter:card\" content=\"summary_large_image\" \/>\n<meta name=\"twitter:label1\" content=\"Dur\u00e9e de lecture estim\u00e9e\" \/>\n\t<meta name=\"twitter:data1\" content=\"20 minutes\" \/>\n<script type=\"application\/ld+json\" class=\"yoast-schema-graph\">{\"@context\":\"https:\/\/schema.org\",\"@graph\":[{\"@type\":\"WebPage\",\"@id\":\"https:\/\/orienta-tik.eus\/fr\/preparate\/contrato-trabajo\/\",\"url\":\"https:\/\/orienta-tik.eus\/fr\/preparate\/contrato-trabajo\/\",\"name\":\"Contrat - orienta-tik.eus\",\"isPartOf\":{\"@id\":\"https:\/\/orienta-tik.eus\/#website\"},\"datePublished\":\"2023-12-19T14:01:15+00:00\",\"dateModified\":\"2023-12-28T15:43:42+00:00\",\"breadcrumb\":{\"@id\":\"https:\/\/orienta-tik.eus\/fr\/preparate\/contrato-trabajo\/#breadcrumb\"},\"inLanguage\":\"fr-FR\",\"potentialAction\":[{\"@type\":\"ReadAction\",\"target\":[\"https:\/\/orienta-tik.eus\/fr\/preparate\/contrato-trabajo\/\"]}]},{\"@type\":\"BreadcrumbList\",\"@id\":\"https:\/\/orienta-tik.eus\/fr\/preparate\/contrato-trabajo\/#breadcrumb\",\"itemListElement\":[{\"@type\":\"ListItem\",\"position\":1,\"name\":\"Portada\",\"item\":\"https:\/\/orienta-tik.eus\/fr\/\"},{\"@type\":\"ListItem\",\"position\":2,\"name\":\"Pr\u00e9parez-vous\",\"item\":\"https:\/\/orienta-tik.eus\/fr\/preparate\/\"},{\"@type\":\"ListItem\",\"position\":3,\"name\":\"Contrat\"}]},{\"@type\":\"WebSite\",\"@id\":\"https:\/\/orienta-tik.eus\/#website\",\"url\":\"https:\/\/orienta-tik.eus\/\",\"name\":\"orienta-tik.eus\",\"description\":\"DESCUBRE UN FUTURO EN CONSTRUCCI\u00d3N\",\"potentialAction\":[{\"@type\":\"SearchAction\",\"target\":{\"@type\":\"EntryPoint\",\"urlTemplate\":\"https:\/\/orienta-tik.eus\/?s={search_term_string}\"},\"query-input\":{\"@type\":\"PropertyValueSpecification\",\"valueRequired\":true,\"valueName\":\"search_term_string\"}}],\"inLanguage\":\"fr-FR\"}]}<\/script>\n<!-- \/ Yoast SEO plugin. -->","yoast_head_json":{"title":"Contrat - orienta-tik.eus","robots":{"index":"index","follow":"follow","max-snippet":"max-snippet:-1","max-image-preview":"max-image-preview:large","max-video-preview":"max-video-preview:-1"},"canonical":"https:\/\/orienta-tik.eus\/fr\/preparate\/contrato-trabajo\/","og_locale":"fr_FR","og_type":"article","og_title":"Contrat - orienta-tik.eus","og_url":"https:\/\/orienta-tik.eus\/fr\/preparate\/contrato-trabajo\/","og_site_name":"orienta-tik.eus","article_modified_time":"2023-12-28T15:43:42+00:00","twitter_card":"summary_large_image","twitter_misc":{"Dur\u00e9e de lecture estim\u00e9e":"20 minutes"},"schema":{"@context":"https:\/\/schema.org","@graph":[{"@type":"WebPage","@id":"https:\/\/orienta-tik.eus\/fr\/preparate\/contrato-trabajo\/","url":"https:\/\/orienta-tik.eus\/fr\/preparate\/contrato-trabajo\/","name":"Contrat - orienta-tik.eus","isPartOf":{"@id":"https:\/\/orienta-tik.eus\/#website"},"datePublished":"2023-12-19T14:01:15+00:00","dateModified":"2023-12-28T15:43:42+00:00","breadcrumb":{"@id":"https:\/\/orienta-tik.eus\/fr\/preparate\/contrato-trabajo\/#breadcrumb"},"inLanguage":"fr-FR","potentialAction":[{"@type":"ReadAction","target":["https:\/\/orienta-tik.eus\/fr\/preparate\/contrato-trabajo\/"]}]},{"@type":"BreadcrumbList","@id":"https:\/\/orienta-tik.eus\/fr\/preparate\/contrato-trabajo\/#breadcrumb","itemListElement":[{"@type":"ListItem","position":1,"name":"Portada","item":"https:\/\/orienta-tik.eus\/fr\/"},{"@type":"ListItem","position":2,"name":"Pr\u00e9parez-vous","item":"https:\/\/orienta-tik.eus\/fr\/preparate\/"},{"@type":"ListItem","position":3,"name":"Contrat"}]},{"@type":"WebSite","@id":"https:\/\/orienta-tik.eus\/#website","url":"https:\/\/orienta-tik.eus\/","name":"orienta-tik.eus","description":"DESCUBRE UN FUTURO EN CONSTRUCCI\u00d3N","potentialAction":[{"@type":"SearchAction","target":{"@type":"EntryPoint","urlTemplate":"https:\/\/orienta-tik.eus\/?s={search_term_string}"},"query-input":{"@type":"PropertyValueSpecification","valueRequired":true,"valueName":"search_term_string"}}],"inLanguage":"fr-FR"}]}},"_links":{"self":[{"href":"https:\/\/orienta-tik.eus\/fr\/wp-json\/wp\/v2\/pages\/894","targetHints":{"allow":["GET"]}}],"collection":[{"href":"https:\/\/orienta-tik.eus\/fr\/wp-json\/wp\/v2\/pages"}],"about":[{"href":"https:\/\/orienta-tik.eus\/fr\/wp-json\/wp\/v2\/types\/page"}],"author":[{"embeddable":true,"href":"https:\/\/orienta-tik.eus\/fr\/wp-json\/wp\/v2\/users\/2"}],"replies":[{"embeddable":true,"href":"https:\/\/orienta-tik.eus\/fr\/wp-json\/wp\/v2\/comments?post=894"}],"version-history":[{"count":1,"href":"https:\/\/orienta-tik.eus\/fr\/wp-json\/wp\/v2\/pages\/894\/revisions"}],"predecessor-version":[{"id":895,"href":"https:\/\/orienta-tik.eus\/fr\/wp-json\/wp\/v2\/pages\/894\/revisions\/895"}],"up":[{"embeddable":true,"href":"https:\/\/orienta-tik.eus\/fr\/wp-json\/wp\/v2\/pages\/847"}],"wp:attachment":[{"href":"https:\/\/orienta-tik.eus\/fr\/wp-json\/wp\/v2\/media?parent=894"}],"curies":[{"name":"wp","href":"https:\/\/api.w.org\/{rel}","templated":true}]}}