{"id":877,"date":"2023-12-15T14:15:21","date_gmt":"2023-12-15T13:15:21","guid":{"rendered":"https:\/\/orienta-tik.eus\/por-que-la-construccion\/sindicatos\/"},"modified":"2023-12-28T14:27:50","modified_gmt":"2023-12-28T13:27:50","slug":"sindicatos","status":"publish","type":"page","link":"https:\/\/orienta-tik.eus\/fr\/por-que-la-construccion\/sindicatos\/","title":{"rendered":"Syndicats"},"content":{"rendered":"<p><div class=\"fusion-fullwidth fullwidth-box fusion-builder-row-1 fusion-flex-container has-pattern-background has-mask-background nonhundred-percent-fullwidth non-hundred-percent-height-scrolling\" style=\"--awb-border-sizes-bottom:0px;--awb-border-sizes-left:0px;--awb-border-sizes-right:0px;--awb-border-color:var(--awb-color4);--awb-border-radius-top-left:0px;--awb-border-radius-top-right:0px;--awb-border-radius-bottom-right:0px;--awb-border-radius-bottom-left:0px;--awb-padding-top:2vw;--awb-padding-right:0px;--awb-padding-bottom:0vw;--awb-padding-left:0px;--awb-margin-top:100px;--awb-background-color:var(--awb-color1);--awb-flex-wrap:wrap;\" ><div class=\"fusion-builder-row fusion-row fusion-flex-align-items-flex-start fusion-flex-content-wrap\" style=\"max-width:calc( 1320px + 0px );margin-left: calc(-0px \/ 2 );margin-right: calc(-0px \/ 2 );\"><div class=\"fusion-layout-column fusion_builder_column fusion-builder-column-0 fusion_builder_column_1_1 1_1 fusion-flex-column\" style=\"--awb-padding-top:4.3vw;--awb-padding-bottom:4.3vw;--awb-bg-image:url(&#039;http:\/\/orienta-tik.eus\/wp-content\/uploads\/2023\/12\/textura_amarilla.png&#039;);--awb-bg-size:cover;--awb-border-color:var(--awb-color4);--awb-border-right:40px;--awb-border-bottom:40px;--awb-border-left:40px;--awb-border-style:solid;--awb-width-large:100%;--awb-margin-top-large:0px;--awb-spacing-right-large:0px;--awb-margin-bottom-large:20px;--awb-spacing-left-large:0px;--awb-width-medium:100%;--awb-order-medium:0;--awb-spacing-right-medium:0px;--awb-spacing-left-medium:0px;--awb-width-small:100%;--awb-order-small:0;--awb-spacing-right-small:0px;--awb-spacing-left-small:0px;\" data-scroll-devices=\"small-visibility,medium-visibility,large-visibility\"><div class=\"fusion-column-wrapper fusion-column-has-shadow fusion-flex-justify-content-flex-start fusion-content-layout-column fusion-column-has-bg-image\" data-bg-url=\"http:\/\/orienta-tik.eus\/wp-content\/uploads\/2023\/12\/textura_amarilla.png\"><div class=\"fusion-title title fusion-title-1 fusion-sep-none fusion-title-text fusion-title-size-two\" style=\"--awb-margin-right:6%;--awb-margin-bottom:0px;--awb-margin-right-small:5%;--awb-margin-bottom-small:0px;\"><h2 class=\"fusion-title-heading title-heading-right fusion-responsive-typography-calculated\" style=\"margin:0;--fontSize:48;line-height:var(--awb-typography1-line-height);\">Syndicats<\/h2><\/div><div class=\"fusion-text fusion-text-1\" style=\"--awb-content-alignment:right;--awb-margin-top:0px;--awb-margin-right:6%;\"><p>Pourquoi la construction?<\/p>\n<\/div><\/div><\/div><\/div><\/div><div class=\"fusion-fullwidth fullwidth-box fusion-builder-row-2 fusion-flex-container nonhundred-percent-fullwidth non-hundred-percent-height-scrolling\" style=\"--awb-border-radius-top-left:0px;--awb-border-radius-top-right:0px;--awb-border-radius-bottom-right:0px;--awb-border-radius-bottom-left:0px;--awb-padding-top:40px;--awb-padding-bottom:0px;--awb-padding-top-small:30px;--awb-padding-right-small:20px;--awb-padding-left-small:20px;--awb-background-color:var(--awb-color1);--awb-flex-wrap:wrap;\" ><div class=\"fusion-builder-row fusion-row fusion-flex-align-items-flex-start fusion-flex-justify-content-center fusion-flex-content-wrap\" style=\"max-width:1346.4px;margin-left: calc(-2% \/ 2 );margin-right: calc(-2% \/ 2 );\"><div class=\"fusion-layout-column fusion_builder_column fusion-builder-column-1 fusion_builder_column_1_1 1_1 fusion-flex-column\" style=\"--awb-bg-blend:overlay;--awb-bg-size:cover;--awb-width-large:100%;--awb-margin-top-large:0px;--awb-spacing-right-large:0.98%;--awb-margin-bottom-large:0px;--awb-spacing-left-large:0.98%;--awb-width-medium:100%;--awb-spacing-right-medium:0.98%;--awb-spacing-left-medium:0.98%;--awb-width-small:100%;--awb-spacing-right-small:0.98%;--awb-spacing-left-small:0.98%;\"><div class=\"fusion-column-wrapper fusion-flex-justify-content-flex-start fusion-content-layout-column\"><div class=\"fusion-title title fusion-title-2 fusion-sep-none fusion-title-center fusion-title-text fusion-title-size-one\" style=\"--awb-margin-bottom:0px;--awb-margin-bottom-small:0px;\"><h1 class=\"fusion-title-heading title-heading-center fusion-responsive-typography-calculated\" style=\"margin:0;--fontSize:64;line-height:var(--awb-typography1-line-height);\">Les organisations syndicales<\/h1><\/div><div class=\"fusion-title title fusion-title-3 fusion-sep-none fusion-title-center fusion-title-text fusion-title-size-four\" style=\"--awb-text-color:var(--awb-color4);--awb-margin-top:0px;--awb-margin-top-small:0px;\"><h4 class=\"fusion-title-heading title-heading-center fusion-responsive-typography-calculated\" style=\"margin:0;--fontSize:24;--minFontSize:24;line-height:var(--awb-typography1-line-height);\">Ce sont des regroupements dont l&rsquo;objectif principal est de prot\u00e9ger les droits du travail et de promouvoir les int\u00e9r\u00eats des travailleurs.<\/h4><\/div><div class=\"fusion-separator fusion-has-icon\" style=\"align-self: center;margin-left: auto;margin-right: auto;margin-top:0px;margin-bottom:10px;width:100%;max-width:10%;\"><div class=\"fusion-separator-border sep-single sep-solid\" style=\"--awb-height:20px;--awb-amount:20px;--awb-sep-color:#cccccc;border-color:#cccccc;border-top-width:3px;\"><\/div><span class=\"icon-wrapper\" style=\"border-color:transparent;font-size:24px;width: 1.75em; height: 1.75em;border-width:3px;padding:3px;margin-top:-1.5px\"><i class=\"fa-chevron-down fas\" style=\"font-size: inherit;color:#cccccc;\" aria-hidden=\"true\"><\/i><\/span><div class=\"fusion-separator-border sep-single sep-solid\" style=\"--awb-height:20px;--awb-amount:20px;--awb-sep-color:#cccccc;border-color:#cccccc;border-top-width:3px;\"><\/div><\/div><\/div><\/div><div class=\"fusion-layout-column fusion_builder_column fusion-builder-column-2 fusion_builder_column_4_5 4_5 fusion-flex-column\" style=\"--awb-bg-blend:overlay;--awb-bg-size:cover;--awb-width-large:80%;--awb-margin-top-large:0px;--awb-spacing-right-large:1.225%;--awb-margin-bottom-large:0px;--awb-spacing-left-large:1.225%;--awb-width-medium:100%;--awb-spacing-right-medium:0.98%;--awb-spacing-left-medium:0.98%;--awb-width-small:100%;--awb-spacing-right-small:0.98%;--awb-spacing-left-small:0.98%;\"><div class=\"fusion-column-wrapper fusion-flex-justify-content-flex-start fusion-content-layout-column\"><div class=\"fusion-text fusion-text-2\" style=\"--awb-content-alignment:center;--awb-font-size:20px;--awb-margin-right:0%;--awb-margin-left:0%;\"><p>Ils travaillent pour la cr\u00e9ation d\u2019emplois et de meilleures conditions de travail qui se traduisent par des am\u00e9liorations salariales, une embauche stable, des garanties de sant\u00e9 au travail, des formations et l\u2019\u00e9galit\u00e9 pour les jeunes, les femmes, les migrants, les personnes ayant des capacit\u00e9s diff\u00e9rentes, etc.<\/p>\n<\/div><\/div><\/div><\/div><\/div><div id=\"formacion\" class=\"fusion-container-anchor\"><div class=\"fusion-fullwidth fullwidth-box fusion-builder-row-3 fusion-flex-container nonhundred-percent-fullwidth non-hundred-percent-height-scrolling\" style=\"--awb-border-radius-top-left:0px;--awb-border-radius-top-right:0px;--awb-border-radius-bottom-right:0px;--awb-border-radius-bottom-left:0px;--awb-padding-top:50px;--awb-padding-bottom:0px;--awb-margin-top:40px;--awb-background-color:var(--awb-color2);--awb-flex-wrap:wrap;\" ><div class=\"fusion-builder-row fusion-row fusion-flex-align-items-stretch fusion-flex-justify-content-center fusion-flex-content-wrap\" style=\"max-width:1372.8px;margin-left: calc(-4% \/ 2 );margin-right: calc(-4% \/ 2 );\"><div class=\"fusion-layout-column fusion_builder_column fusion-builder-column-3 fusion_builder_column_3_4 3_4 fusion-flex-column\" style=\"--awb-bg-blend:overlay;--awb-bg-size:cover;--awb-width-large:75%;--awb-margin-top-large:0px;--awb-spacing-right-large:2.56%;--awb-margin-bottom-large:50px;--awb-spacing-left-large:2.56%;--awb-width-medium:100%;--awb-spacing-right-medium:1.92%;--awb-spacing-left-medium:1.92%;--awb-width-small:100%;--awb-spacing-right-small:1.92%;--awb-spacing-left-small:1.92%;\"><div class=\"fusion-column-wrapper fusion-flex-justify-content-flex-start fusion-content-layout-column\"><div class=\"fusion-title title fusion-title-4 fusion-sep-none fusion-title-center fusion-title-text fusion-title-size-three\" style=\"--awb-margin-bottom:20px;--awb-margin-bottom-small:0px;\"><h3 class=\"fusion-title-heading title-heading-center fusion-responsive-typography-calculated\" style=\"margin:0;--fontSize:38;line-height:var(--awb-typography1-line-height);\"><mark class=\"fusion-highlight light highlight1 awb-highlight-marker\">Il est important que vous adh\u00e9riez<\/mark>!<\/p><\/h3><\/div><div class=\"fusion-text fusion-text-3\" style=\"--awb-content-alignment:center;\"><p>Les syndicats signataires de la Convention collective provinciale du BTP de Biscaye sont:<\/p>\n<\/div><div style=\"text-align:center;\"><a class=\"fusion-button button-flat fusion-button-default-size button-default fusion-button-default button-1 fusion-button-default-span fusion-button-default-type\" target=\"_blank\" rel=\"noopener noreferrer\" href=\"https:\/\/habitat.ccoo.es\/Territorio\/Euskadi\"><i class=\"fa-external-link-alt fas awb-button__icon awb-button__icon--default button-icon-left\" aria-hidden=\"true\"><\/i><span class=\"fusion-button-text awb-button__text awb-button__text--default\">CCOO del H\u00e1bitat de Euskadi<\/span><\/a><\/div><div style=\"text-align:center;\"><a class=\"fusion-button button-flat fusion-button-default-size button-default fusion-button-default button-2 fusion-button-default-span fusion-button-default-type\" style=\"--button_margin-top:15px;\" target=\"_blank\" rel=\"noopener noreferrer\" href=\"https:\/\/euskadi.ugt-fica.org\/\"><i class=\"fa-external-link-alt fas awb-button__icon awb-button__icon--default button-icon-left\" aria-hidden=\"true\"><\/i><span class=\"fusion-button-text awb-button__text awb-button__text--default\">UGT FICA Euskadi<\/span><\/a><\/div><div class=\"fusion-text fusion-text-4\" style=\"--awb-content-alignment:center;--awb-margin-top:15px;\"><p>En Biscaye, vous trouverez \u00e9galement d&rsquo;autres syndicats repr\u00e9sent\u00e9s : ELA \u2013 Eusko Langileen Alkartasuna et LAB \u2013 Langile Abertzaleen Batzordeak.<\/p>\n<\/div><\/div><\/div><\/div><\/div><\/div><\/p>\n","protected":false},"excerpt":{"rendered":"","protected":false},"author":2,"featured_media":0,"parent":844,"menu_order":0,"comment_status":"closed","ping_status":"closed","template":"100-width.php","meta":{"footnotes":""},"class_list":["post-877","page","type-page","status-publish","hentry"],"yoast_head":"<!-- This site is optimized with the Yoast SEO plugin v25.7 - https:\/\/yoast.com\/wordpress\/plugins\/seo\/ -->\n<title>Syndicats - orienta-tik.eus<\/title>\n<meta name=\"robots\" content=\"index, follow, max-snippet:-1, max-image-preview:large, max-video-preview:-1\" \/>\n<link rel=\"canonical\" href=\"https:\/\/orienta-tik.eus\/fr\/por-que-la-construccion\/sindicatos\/\" \/>\n<meta property=\"og:locale\" content=\"fr_FR\" \/>\n<meta property=\"og:type\" content=\"article\" \/>\n<meta property=\"og:title\" content=\"Syndicats - orienta-tik.eus\" \/>\n<meta property=\"og:url\" content=\"https:\/\/orienta-tik.eus\/fr\/por-que-la-construccion\/sindicatos\/\" \/>\n<meta property=\"og:site_name\" content=\"orienta-tik.eus\" \/>\n<meta property=\"article:modified_time\" content=\"2023-12-28T13:27:50+00:00\" \/>\n<meta name=\"twitter:card\" content=\"summary_large_image\" \/>\n<meta name=\"twitter:label1\" content=\"Dur\u00e9e de lecture estim\u00e9e\" \/>\n\t<meta name=\"twitter:data1\" content=\"14 minutes\" \/>\n<script type=\"application\/ld+json\" class=\"yoast-schema-graph\">{\"@context\":\"https:\/\/schema.org\",\"@graph\":[{\"@type\":\"WebPage\",\"@id\":\"https:\/\/orienta-tik.eus\/fr\/por-que-la-construccion\/sindicatos\/\",\"url\":\"https:\/\/orienta-tik.eus\/fr\/por-que-la-construccion\/sindicatos\/\",\"name\":\"Syndicats - orienta-tik.eus\",\"isPartOf\":{\"@id\":\"https:\/\/orienta-tik.eus\/#website\"},\"datePublished\":\"2023-12-15T13:15:21+00:00\",\"dateModified\":\"2023-12-28T13:27:50+00:00\",\"breadcrumb\":{\"@id\":\"https:\/\/orienta-tik.eus\/fr\/por-que-la-construccion\/sindicatos\/#breadcrumb\"},\"inLanguage\":\"fr-FR\",\"potentialAction\":[{\"@type\":\"ReadAction\",\"target\":[\"https:\/\/orienta-tik.eus\/fr\/por-que-la-construccion\/sindicatos\/\"]}]},{\"@type\":\"BreadcrumbList\",\"@id\":\"https:\/\/orienta-tik.eus\/fr\/por-que-la-construccion\/sindicatos\/#breadcrumb\",\"itemListElement\":[{\"@type\":\"ListItem\",\"position\":1,\"name\":\"Portada\",\"item\":\"https:\/\/orienta-tik.eus\/fr\/\"},{\"@type\":\"ListItem\",\"position\":2,\"name\":\"Pourquoi la construction?\",\"item\":\"https:\/\/orienta-tik.eus\/fr\/por-que-la-construccion\/\"},{\"@type\":\"ListItem\",\"position\":3,\"name\":\"Syndicats\"}]},{\"@type\":\"WebSite\",\"@id\":\"https:\/\/orienta-tik.eus\/#website\",\"url\":\"https:\/\/orienta-tik.eus\/\",\"name\":\"orienta-tik.eus\",\"description\":\"DESCUBRE UN FUTURO EN CONSTRUCCI\u00d3N\",\"potentialAction\":[{\"@type\":\"SearchAction\",\"target\":{\"@type\":\"EntryPoint\",\"urlTemplate\":\"https:\/\/orienta-tik.eus\/?s={search_term_string}\"},\"query-input\":{\"@type\":\"PropertyValueSpecification\",\"valueRequired\":true,\"valueName\":\"search_term_string\"}}],\"inLanguage\":\"fr-FR\"}]}<\/script>\n<!-- \/ Yoast SEO plugin. -->","yoast_head_json":{"title":"Syndicats - orienta-tik.eus","robots":{"index":"index","follow":"follow","max-snippet":"max-snippet:-1","max-image-preview":"max-image-preview:large","max-video-preview":"max-video-preview:-1"},"canonical":"https:\/\/orienta-tik.eus\/fr\/por-que-la-construccion\/sindicatos\/","og_locale":"fr_FR","og_type":"article","og_title":"Syndicats - orienta-tik.eus","og_url":"https:\/\/orienta-tik.eus\/fr\/por-que-la-construccion\/sindicatos\/","og_site_name":"orienta-tik.eus","article_modified_time":"2023-12-28T13:27:50+00:00","twitter_card":"summary_large_image","twitter_misc":{"Dur\u00e9e de lecture estim\u00e9e":"14 minutes"},"schema":{"@context":"https:\/\/schema.org","@graph":[{"@type":"WebPage","@id":"https:\/\/orienta-tik.eus\/fr\/por-que-la-construccion\/sindicatos\/","url":"https:\/\/orienta-tik.eus\/fr\/por-que-la-construccion\/sindicatos\/","name":"Syndicats - orienta-tik.eus","isPartOf":{"@id":"https:\/\/orienta-tik.eus\/#website"},"datePublished":"2023-12-15T13:15:21+00:00","dateModified":"2023-12-28T13:27:50+00:00","breadcrumb":{"@id":"https:\/\/orienta-tik.eus\/fr\/por-que-la-construccion\/sindicatos\/#breadcrumb"},"inLanguage":"fr-FR","potentialAction":[{"@type":"ReadAction","target":["https:\/\/orienta-tik.eus\/fr\/por-que-la-construccion\/sindicatos\/"]}]},{"@type":"BreadcrumbList","@id":"https:\/\/orienta-tik.eus\/fr\/por-que-la-construccion\/sindicatos\/#breadcrumb","itemListElement":[{"@type":"ListItem","position":1,"name":"Portada","item":"https:\/\/orienta-tik.eus\/fr\/"},{"@type":"ListItem","position":2,"name":"Pourquoi la construction?","item":"https:\/\/orienta-tik.eus\/fr\/por-que-la-construccion\/"},{"@type":"ListItem","position":3,"name":"Syndicats"}]},{"@type":"WebSite","@id":"https:\/\/orienta-tik.eus\/#website","url":"https:\/\/orienta-tik.eus\/","name":"orienta-tik.eus","description":"DESCUBRE UN FUTURO EN CONSTRUCCI\u00d3N","potentialAction":[{"@type":"SearchAction","target":{"@type":"EntryPoint","urlTemplate":"https:\/\/orienta-tik.eus\/?s={search_term_string}"},"query-input":{"@type":"PropertyValueSpecification","valueRequired":true,"valueName":"search_term_string"}}],"inLanguage":"fr-FR"}]}},"_links":{"self":[{"href":"https:\/\/orienta-tik.eus\/fr\/wp-json\/wp\/v2\/pages\/877","targetHints":{"allow":["GET"]}}],"collection":[{"href":"https:\/\/orienta-tik.eus\/fr\/wp-json\/wp\/v2\/pages"}],"about":[{"href":"https:\/\/orienta-tik.eus\/fr\/wp-json\/wp\/v2\/types\/page"}],"author":[{"embeddable":true,"href":"https:\/\/orienta-tik.eus\/fr\/wp-json\/wp\/v2\/users\/2"}],"replies":[{"embeddable":true,"href":"https:\/\/orienta-tik.eus\/fr\/wp-json\/wp\/v2\/comments?post=877"}],"version-history":[{"count":2,"href":"https:\/\/orienta-tik.eus\/fr\/wp-json\/wp\/v2\/pages\/877\/revisions"}],"predecessor-version":[{"id":879,"href":"https:\/\/orienta-tik.eus\/fr\/wp-json\/wp\/v2\/pages\/877\/revisions\/879"}],"up":[{"embeddable":true,"href":"https:\/\/orienta-tik.eus\/fr\/wp-json\/wp\/v2\/pages\/844"}],"wp:attachment":[{"href":"https:\/\/orienta-tik.eus\/fr\/wp-json\/wp\/v2\/media?parent=877"}],"curies":[{"name":"wp","href":"https:\/\/api.w.org\/{rel}","templated":true}]}}